{"id":2,"date":"2015-01-31T19:55:21","date_gmt":"2015-01-31T19:55:21","guid":{"rendered":"http:\/\/totaltheme.wpengine.com\/simple-spaces\/?page_id=2"},"modified":"2025-02-05T09:11:11","modified_gmt":"2025-02-05T09:11:11","slug":"home","status":"publish","type":"page","link":"https:\/\/tccorticas.com\/","title":{"rendered":"Home"},"content":{"rendered":"[vc_row][vc_column][\/vc_column][\/vc_row][vc_row][vc_column][vc_column_text]\n<blockquote>\n<div class=\"flex-shrink-0 flex flex-col relative items-end\">\n<div>\n<div class=\"pt-0\">\n<div class=\"gizmo-bot-avatar flex h-8 w-8 items-center justify-center overflow-hidden rounded-full\">\n<div class=\"relative p-1 rounded-sm flex items-center justify-center bg-token-main-surface-primary text-token-text-primary h-8 w-8\"><em><strong>A TCCorti\u00e7a \u00e9 uma empresa de refer\u00eancia no setor da corti\u00e7a, com uma opera\u00e7\u00e3o 100% portuguesa, focada na inova\u00e7\u00e3o, qualidade e sustentabilidade.<\/strong><\/em><\/div>\n<\/div>\n<\/div>\n<\/div>\n<\/div>\n<div class=\"group\/conversation-turn relative flex w-full min-w-0 flex-col agent-turn\">\n<div class=\"flex-col gap-1 md:gap-3\">\n<div class=\"flex max-w-full flex-col flex-grow\">\n<div class=\"min-h-8 text-message flex w-full flex-col items-end gap-2 whitespace-normal break-words text-start [.text-message+&amp;]:mt-5\" dir=\"auto\" data-message-author-role=\"assistant\" data-message-id=\"688276cf-4dbc-4410-92b5-4ceb18a032ec\" data-message-model-slug=\"gpt-4o-mini\">\n<div class=\"flex w-full flex-col gap-1 empty:hidden first:pt-[3px]\">\n<div class=\"markdown prose w-full break-words dark:prose-invert light\">\n<p><em><strong>Com uma s\u00f3lida experi\u00eancia no mercado, a TCCorti\u00e7a utiliza tecnologias avan\u00e7adas para oferecer solu\u00e7\u00f5es diferenciadas, adequadas \u00e0s necessidades de diversas ind\u00fastrias.<\/strong><\/em><\/p>\n<p><em><strong>A empresa integra processos de produ\u00e7\u00e3o rigorosos e eficientes, garantindo produtos de elevado padr\u00e3o t\u00e9cnico e est\u00e9tico, sempre com um compromisso claro com a preserva\u00e7\u00e3o ambiental. <\/strong><\/em><\/p>\n<p><em><strong>A TCCorti\u00e7a distingue-se pela sua capacidade de transformar a corti\u00e7a em solu\u00e7\u00f5es personalizadas e de alto desempenho, contribuindo para a promo\u00e7\u00e3o de um futuro mais sustent\u00e1vel e respons\u00e1vel.<\/strong><\/em><\/p>\n<\/div>\n<\/div>\n<\/div>\n<\/div>\n<\/div>\n<\/div>\n<\/blockquote>\n[\/vc_column_text][\/vc_column][\/vc_row][vc_row][vc_column][vc_column_text]\n<h1 style=\"text-align: center;\"><strong>Produ\u00e7\u00e3o<\/strong><\/h1>\n[\/vc_column_text][\/vc_column][\/vc_row][vc_row][vc_column]<div class=\"vcex-image-grid-wrap clr\"><div class=\"vcex-image-grid-css-wrapper vc_custom_1708612014091\"><div class=\"vcex-module vcex-image-grid wpex-row wpex-clr grid-style-default gap-30 wpex-lightbox-group\"><div class=\"id-1003 vcex-image-grid-entry vcex-grid-item span_1_of_3 col col-1\"><figure class=\"vcex-image-grid-entry-figure wpex-clr vc_custom_1708612014091\"><div class=\"vcex-image-grid-entry-img wpex-clr\"><a href=\"https:\/\/tccorticas.com\/wp-content\/uploads\/2024\/02\/20240202_172356-scaled-1200x900.jpg\" class=\"vcex-image-grid-entry-img wpex-lightbox-group-item\" data-title=\"\"><img loading=\"lazy\" decoding=\"async\" src=\"https:\/\/tccorticas.com\/wp-content\/uploads\/2024\/02\/20240202_172356-scaled.jpg\" alt='' data-no-retina width=\"2560\" height=\"1920\" \/><\/a><\/div><\/figure><\/div><div class=\"id-998 vcex-image-grid-entry vcex-grid-item span_1_of_3 col col-2\"><figure class=\"vcex-image-grid-entry-figure wpex-clr vc_custom_1708612014091\"><div class=\"vcex-image-grid-entry-img wpex-clr\"><a href=\"https:\/\/tccorticas.com\/wp-content\/uploads\/2024\/02\/20240202_172924-scaled-1200x900.jpg\" class=\"vcex-image-grid-entry-img wpex-lightbox-group-item\" data-title=\"\"><img loading=\"lazy\" decoding=\"async\" src=\"https:\/\/tccorticas.com\/wp-content\/uploads\/2024\/02\/20240202_172924-scaled.jpg\" alt='' data-no-retina width=\"2560\" height=\"1920\" \/><\/a><\/div><\/figure><\/div><div class=\"id-997 vcex-image-grid-entry vcex-grid-item span_1_of_3 col col-3\"><figure class=\"vcex-image-grid-entry-figure wpex-clr vc_custom_1708612014091\"><div class=\"vcex-image-grid-entry-img wpex-clr\"><a href=\"https:\/\/tccorticas.com\/wp-content\/uploads\/2024\/02\/20240202_172901-scaled-1200x900.jpg\" class=\"vcex-image-grid-entry-img wpex-lightbox-group-item\" data-title=\"\"><img loading=\"lazy\" decoding=\"async\" src=\"https:\/\/tccorticas.com\/wp-content\/uploads\/2024\/02\/20240202_172901-scaled.jpg\" alt='' data-no-retina width=\"2560\" height=\"1920\" \/><\/a><\/div><\/figure><\/div><div class=\"id-996 vcex-image-grid-entry vcex-grid-item span_1_of_3 col col-1\"><figure class=\"vcex-image-grid-entry-figure wpex-clr vc_custom_1708612014091\"><div class=\"vcex-image-grid-entry-img wpex-clr\"><a href=\"https:\/\/tccorticas.com\/wp-content\/uploads\/2024\/02\/20240202_172439-scaled-1200x900.jpg\" class=\"vcex-image-grid-entry-img wpex-lightbox-group-item\" data-title=\"\"><img loading=\"lazy\" decoding=\"async\" src=\"https:\/\/tccorticas.com\/wp-content\/uploads\/2024\/02\/20240202_172439-scaled.jpg\" alt='' data-no-retina width=\"2560\" height=\"1920\" \/><\/a><\/div><\/figure><\/div><div class=\"id-995 vcex-image-grid-entry vcex-grid-item span_1_of_3 col col-2\"><figure class=\"vcex-image-grid-entry-figure wpex-clr vc_custom_1708612014091\"><div class=\"vcex-image-grid-entry-img wpex-clr\"><a href=\"https:\/\/tccorticas.com\/wp-content\/uploads\/2024\/02\/20240202_172130-scaled-1200x900.jpg\" class=\"vcex-image-grid-entry-img wpex-lightbox-group-item\" data-title=\"\"><img loading=\"lazy\" decoding=\"async\" src=\"https:\/\/tccorticas.com\/wp-content\/uploads\/2024\/02\/20240202_172130-scaled.jpg\" alt='' data-no-retina width=\"2560\" height=\"1920\" \/><\/a><\/div><\/figure><\/div><div class=\"id-1011 vcex-image-grid-entry vcex-grid-item span_1_of_3 col col-3\"><figure class=\"vcex-image-grid-entry-figure wpex-clr vc_custom_1708612014091\"><div class=\"vcex-image-grid-entry-img wpex-clr\"><a href=\"https:\/\/tccorticas.com\/wp-content\/uploads\/2024\/02\/20240222_134739-scaled-1200x900.jpg\" class=\"vcex-image-grid-entry-img wpex-lightbox-group-item\" data-title=\"\"><img loading=\"lazy\" decoding=\"async\" src=\"https:\/\/tccorticas.com\/wp-content\/uploads\/2024\/02\/20240222_134739-scaled.jpg\" alt='' data-no-retina width=\"2560\" height=\"1920\" \/><\/a><\/div><\/figure><\/div><\/div><\/div><\/div>[\/vc_column][\/vc_row]\n","protected":false},"excerpt":{"rendered":"<p>[vc_row][vc_column][\/vc_column][\/vc_row][vc_row][vc_column][vc_column_text] A TCCorti\u00e7a \u00e9 uma empresa de refer\u00eancia no setor da corti\u00e7a, com uma opera\u00e7\u00e3o 100% portuguesa, focada na inova\u00e7\u00e3o, qualidade e sustentabilidade. Com uma s\u00f3lida experi\u00eancia no mercado, a TCCorti\u00e7a utiliza tecnologias avan\u00e7adas para oferecer solu\u00e7\u00f5es diferenciadas, adequadas \u00e0s&hellip;<\/p>\n","protected":false},"author":1,"featured_media":0,"parent":0,"menu_order":0,"comment_status":"open","ping_status":"closed","template":"","meta":{"footnotes":""},"class_list":["post-2","page","type-page","status-publish","hentry","entry","no-media"],"yoast_head":"<!-- This site is optimized with the Yoast SEO plugin v26.2 - https:\/\/yoast.com\/wordpress\/plugins\/seo\/ -->\n<title>Home - TC Corti\u00e7as<\/title>\n<meta name=\"robots\" content=\"index, follow, max-snippet:-1, max-image-preview:large, max-video-preview:-1\" \/>\n<link rel=\"canonical\" href=\"https:\/\/tccorticas.com\/\" \/>\n<meta property=\"og:locale\" content=\"pt_PT\" \/>\n<meta property=\"og:type\" content=\"article\" \/>\n<meta property=\"og:title\" content=\"Home - TC Corti\u00e7as\" \/>\n<meta property=\"og:description\" content=\"[vc_row][vc_column][\/vc_column][\/vc_row][vc_row][vc_column][vc_column_text] A TCCorti\u00e7a \u00e9 uma empresa de refer\u00eancia no setor da corti\u00e7a, com uma opera\u00e7\u00e3o 100% portuguesa, focada na inova\u00e7\u00e3o, qualidade e sustentabilidade. Com uma s\u00f3lida experi\u00eancia no mercado, a TCCorti\u00e7a utiliza tecnologias avan\u00e7adas para oferecer solu\u00e7\u00f5es diferenciadas, adequadas \u00e0s&hellip;\" \/>\n<meta property=\"og:url\" content=\"https:\/\/tccorticas.com\/\" \/>\n<meta property=\"og:site_name\" content=\"TC Corti\u00e7as\" \/>\n<meta property=\"article:modified_time\" content=\"2025-02-05T09:11:11+00:00\" \/>\n<meta name=\"twitter:card\" content=\"summary_large_image\" \/>\n<meta name=\"twitter:label1\" content=\"Tempo estimado de leitura\" \/>\n\t<meta name=\"twitter:data1\" content=\"1 minuto\" \/>\n<script type=\"application\/ld+json\" class=\"yoast-schema-graph\">{\"@context\":\"https:\/\/schema.org\",\"@graph\":[{\"@type\":\"WebPage\",\"@id\":\"https:\/\/tccorticas.com\/\",\"url\":\"https:\/\/tccorticas.com\/\",\"name\":\"Home - TC Corti\u00e7as\",\"isPartOf\":{\"@id\":\"https:\/\/tccorticas.com\/#website\"},\"datePublished\":\"2015-01-31T19:55:21+00:00\",\"dateModified\":\"2025-02-05T09:11:11+00:00\",\"breadcrumb\":{\"@id\":\"https:\/\/tccorticas.com\/#breadcrumb\"},\"inLanguage\":\"pt-PT\",\"potentialAction\":[{\"@type\":\"ReadAction\",\"target\":[\"https:\/\/tccorticas.com\/\"]}]},{\"@type\":\"BreadcrumbList\",\"@id\":\"https:\/\/tccorticas.com\/#breadcrumb\",\"itemListElement\":[{\"@type\":\"ListItem\",\"position\":1,\"name\":\"In\u00edcio\",\"item\":\"https:\/\/tccorticas.com\/\"},{\"@type\":\"ListItem\",\"position\":2,\"name\":\"Home\"}]},{\"@type\":\"WebSite\",\"@id\":\"https:\/\/tccorticas.com\/#website\",\"url\":\"https:\/\/tccorticas.com\/\",\"name\":\"TC Corti\u00e7as\",\"description\":\"\",\"publisher\":{\"@id\":\"https:\/\/tccorticas.com\/#organization\"},\"potentialAction\":[{\"@type\":\"SearchAction\",\"target\":{\"@type\":\"EntryPoint\",\"urlTemplate\":\"https:\/\/tccorticas.com\/?s={search_term_string}\"},\"query-input\":{\"@type\":\"PropertyValueSpecification\",\"valueRequired\":true,\"valueName\":\"search_term_string\"}}],\"inLanguage\":\"pt-PT\"},{\"@type\":\"Organization\",\"@id\":\"https:\/\/tccorticas.com\/#organization\",\"name\":\"TC Corti\u00e7as\",\"url\":\"https:\/\/tccorticas.com\/\",\"logo\":{\"@type\":\"ImageObject\",\"inLanguage\":\"pt-PT\",\"@id\":\"https:\/\/tccorticas.com\/#\/schema\/logo\/image\/\",\"url\":\"https:\/\/tccorticas.com\/wp-content\/uploads\/2020\/07\/logo-tc-corti\u00e7as-final-2.png\",\"contentUrl\":\"https:\/\/tccorticas.com\/wp-content\/uploads\/2020\/07\/logo-tc-corti\u00e7as-final-2.png\",\"width\":230,\"height\":98,\"caption\":\"TC Corti\u00e7as\"},\"image\":{\"@id\":\"https:\/\/tccorticas.com\/#\/schema\/logo\/image\/\"}}]}<\/script>\n<!-- \/ Yoast SEO plugin. -->","yoast_head_json":{"title":"Home - TC Corti\u00e7as","robots":{"index":"index","follow":"follow","max-snippet":"max-snippet:-1","max-image-preview":"max-image-preview:large","max-video-preview":"max-video-preview:-1"},"canonical":"https:\/\/tccorticas.com\/","og_locale":"pt_PT","og_type":"article","og_title":"Home - TC Corti\u00e7as","og_description":"[vc_row][vc_column][\/vc_column][\/vc_row][vc_row][vc_column][vc_column_text] A TCCorti\u00e7a \u00e9 uma empresa de refer\u00eancia no setor da corti\u00e7a, com uma opera\u00e7\u00e3o 100% portuguesa, focada na inova\u00e7\u00e3o, qualidade e sustentabilidade. Com uma s\u00f3lida experi\u00eancia no mercado, a TCCorti\u00e7a utiliza tecnologias avan\u00e7adas para oferecer solu\u00e7\u00f5es diferenciadas, adequadas \u00e0s&hellip;","og_url":"https:\/\/tccorticas.com\/","og_site_name":"TC Corti\u00e7as","article_modified_time":"2025-02-05T09:11:11+00:00","twitter_card":"summary_large_image","twitter_misc":{"Tempo estimado de leitura":"1 minuto"},"schema":{"@context":"https:\/\/schema.org","@graph":[{"@type":"WebPage","@id":"https:\/\/tccorticas.com\/","url":"https:\/\/tccorticas.com\/","name":"Home - TC Corti\u00e7as","isPartOf":{"@id":"https:\/\/tccorticas.com\/#website"},"datePublished":"2015-01-31T19:55:21+00:00","dateModified":"2025-02-05T09:11:11+00:00","breadcrumb":{"@id":"https:\/\/tccorticas.com\/#breadcrumb"},"inLanguage":"pt-PT","potentialAction":[{"@type":"ReadAction","target":["https:\/\/tccorticas.com\/"]}]},{"@type":"BreadcrumbList","@id":"https:\/\/tccorticas.com\/#breadcrumb","itemListElement":[{"@type":"ListItem","position":1,"name":"In\u00edcio","item":"https:\/\/tccorticas.com\/"},{"@type":"ListItem","position":2,"name":"Home"}]},{"@type":"WebSite","@id":"https:\/\/tccorticas.com\/#website","url":"https:\/\/tccorticas.com\/","name":"TC Corti\u00e7as","description":"","publisher":{"@id":"https:\/\/tccorticas.com\/#organization"},"potentialAction":[{"@type":"SearchAction","target":{"@type":"EntryPoint","urlTemplate":"https:\/\/tccorticas.com\/?s={search_term_string}"},"query-input":{"@type":"PropertyValueSpecification","valueRequired":true,"valueName":"search_term_string"}}],"inLanguage":"pt-PT"},{"@type":"Organization","@id":"https:\/\/tccorticas.com\/#organization","name":"TC Corti\u00e7as","url":"https:\/\/tccorticas.com\/","logo":{"@type":"ImageObject","inLanguage":"pt-PT","@id":"https:\/\/tccorticas.com\/#\/schema\/logo\/image\/","url":"https:\/\/tccorticas.com\/wp-content\/uploads\/2020\/07\/logo-tc-corti\u00e7as-final-2.png","contentUrl":"https:\/\/tccorticas.com\/wp-content\/uploads\/2020\/07\/logo-tc-corti\u00e7as-final-2.png","width":230,"height":98,"caption":"TC Corti\u00e7as"},"image":{"@id":"https:\/\/tccorticas.com\/#\/schema\/logo\/image\/"}}]}},"_links":{"self":[{"href":"https:\/\/tccorticas.com\/index.php?rest_route=\/wp\/v2\/pages\/2","targetHints":{"allow":["GET"]}}],"collection":[{"href":"https:\/\/tccorticas.com\/index.php?rest_route=\/wp\/v2\/pages"}],"about":[{"href":"https:\/\/tccorticas.com\/index.php?rest_route=\/wp\/v2\/types\/page"}],"author":[{"embeddable":true,"href":"https:\/\/tccorticas.com\/index.php?rest_route=\/wp\/v2\/users\/1"}],"replies":[{"embeddable":true,"href":"https:\/\/tccorticas.com\/index.php?rest_route=%2Fwp%2Fv2%2Fcomments&post=2"}],"version-history":[{"count":2,"href":"https:\/\/tccorticas.com\/index.php?rest_route=\/wp\/v2\/pages\/2\/revisions"}],"predecessor-version":[{"id":1046,"href":"https:\/\/tccorticas.com\/index.php?rest_route=\/wp\/v2\/pages\/2\/revisions\/1046"}],"wp:attachment":[{"href":"https:\/\/tccorticas.com\/index.php?rest_route=%2Fwp%2Fv2%2Fmedia&parent=2"}],"curies":[{"name":"wp","href":"https:\/\/api.w.org\/{rel}","templated":true}]}}